{"id":882,"date":"2020-04-09T18:04:01","date_gmt":"2020-04-09T18:04:01","guid":{"rendered":"http:\/\/horizonworkingsite.com\/?page_id=882"},"modified":"2020-04-27T08:49:31","modified_gmt":"2020-04-27T08:49:31","slug":"privacy","status":"publish","type":"page","link":"https:\/\/horizonpetfood.com\/fr\/privacy\/","title":{"rendered":"Privacy"},"content":{"rendered":"<div data-elementor-type=\"wp-page\" data-elementor-id=\"882\" class=\"elementor elementor-882\">\n\t\t\t\t\t\t<section class=\"elementor-section elementor-top-section elementor-element elementor-element-ba8eb1b elementor-section-boxed elementor-section-height-default elementor-section-height-default\" data-id=\"ba8eb1b\" data-element_type=\"section\">\n\t\t\t\t\t\t<div class=\"elementor-container elementor-column-gap-default\">\n\t\t\t\t\t<div class=\"elementor-column elementor-col-100 elementor-top-column elementor-element elementor-element-88e98b0\" data-id=\"88e98b0\" data-element_type=\"column\">\n\t\t\t<div class=\"elementor-widget-wrap\">\n\t\t\t\t\t\t\t<\/div>\n\t\t<\/div>\n\t\t\t\t\t<\/div>\n\t\t<\/section>\n\t\t\t\t<section class=\"elementor-section elementor-top-section elementor-element elementor-element-eb7298e elementor-section-stretched elementor-section-full_width elementor-section-height-default elementor-section-height-default\" data-id=\"eb7298e\" data-element_type=\"section\" data-settings=\"{&quot;stretch_section&quot;:&quot;section-stretched&quot;}\">\n\t\t\t\t\t\t<div class=\"elementor-container elementor-column-gap-default\">\n\t\t\t\t\t<div class=\"elementor-column elementor-col-100 elementor-top-column elementor-element elementor-element-fc066af\" data-id=\"fc066af\" data-element_type=\"column\">\n\t\t\t<div class=\"elementor-widget-wrap elementor-element-populated\">\n\t\t\t\t\t\t<div class=\"elementor-element elementor-element-968e60d elementor-widget elementor-widget-heading\" data-id=\"968e60d\" data-element_type=\"widget\" data-widget_type=\"heading.default\">\n\t\t\t\t<div class=\"elementor-widget-container\">\n\t\t\t\t\t<h2 class=\"elementor-heading-title elementor-size-default\">Politique de confidentialit\u00e9<\/h2>\t\t\t\t<\/div>\n\t\t\t\t<\/div>\n\t\t\t\t\t<\/div>\n\t\t<\/div>\n\t\t\t\t\t<\/div>\n\t\t<\/section>\n\t\t\t\t<section class=\"elementor-section elementor-top-section elementor-element elementor-element-72c3699 elementor-section-stretched elementor-section-full_width elementor-section-height-default elementor-section-height-default\" data-id=\"72c3699\" data-element_type=\"section\" data-settings=\"{&quot;stretch_section&quot;:&quot;section-stretched&quot;}\">\n\t\t\t\t\t\t<div class=\"elementor-container elementor-column-gap-default\">\n\t\t\t\t\t<div class=\"elementor-column elementor-col-100 elementor-top-column elementor-element elementor-element-c96080f\" data-id=\"c96080f\" data-element_type=\"column\">\n\t\t\t<div class=\"elementor-widget-wrap elementor-element-populated\">\n\t\t\t\t\t\t<div class=\"elementor-element elementor-element-fcd6787 elementor-widget elementor-widget-text-editor\" data-id=\"fcd6787\" data-element_type=\"widget\" data-widget_type=\"text-editor.default\">\n\t\t\t\t<div class=\"elementor-widget-container\">\n\t\t\t\t\t\t\t\t\t<p>Cette politique de confidentialit\u00e9 divulgue les pratiques de confidentialit\u00e9 d'Horizon Manufacturing Inc. Cette politique de confidentialit\u00e9 s'applique uniquement aux informations collect\u00e9es par ce site Internet. Il vous informera des \u00e9l\u00e9ments suivants:<\/p><ul><li>Quels renseignements personnels sont collect\u00e9s aupr\u00e8s de vous via le site Internet, comment ils sont utilis\u00e9s et avec qui ils peuvent \u00eatre partag\u00e9s.<\/li><li>Quels choix s'offrent \u00e0 vous concernant l'utilisation de vos donn\u00e9es.<\/li><li>Les proc\u00e9dures de s\u00e9curit\u00e9 en place pour prot\u00e9ger l'utilisation abusive de vos renseignements personnels.<\/li><li>Comment vous pouvez corriger toute inexactitude dans les informations<\/li><\/ul><p><strong>Collecte, utilisation et partage de renseignements personnels<\/strong><\/p><p>Nous sommes les seuls propri\u00e9taires des renseignements collect\u00e9s sur ce site. Nous avons uniquement acc\u00e8s aux renseignements que vous nous fournissez volontairement par courriel ou par tout autre contact direct de votre part. Horizon ne vends ni n\u2019\u00e9change ces renseignements avec quiconque.<\/p><p>Nous utiliserons vos renseignements pour vous r\u00e9pondre, selon la raison pour laquelle vous nous avez contact\u00e9s. Nous ne partagerons pas vos renseignements personnels avec des tiers en dehors de notre organisation, sauf si cela est n\u00e9cessaire pour r\u00e9pondre \u00e0 votre demande, par exemple pour exp\u00e9dier une commande.<\/p><p>\u00c0 moins que vous nous demandiez de ne pas le faire, nous pourrions vous contacter par courriel afin vous informer d\u2019offres sp\u00e9ciales, de nouveaux produits, de services ou de modification \u00e0 cette politique de confidentialit\u00e9.<\/p><p><strong>Acc\u00e8s et contr\u00f4le de vos renseignements personnels<\/strong><\/p><p>Vous pouvez, \u00e0 tout moment, vous d\u00e9sinscrire de toute contact futur de notre part. Vous pouvez, \u00e0 tout moment, communiquer avec nous via notre courriel ou le num\u00e9ro de t\u00e9l\u00e9phone fourni sur notre site Internet afin de ;<\/p><ul><li>V\u00e9rifier les renseignements que nous avons sur vous, si applicable.<\/li><li>Modifier \/ corriger tous les renseignements personnels que nous avons sur vous.<\/li><li>Demander de supprimer tous les renseignements personnels que nous avons sur vous.<\/li><li>Exprimer toute pr\u00e9occupation que vous avez concernant notre utilisation de vos donn\u00e9es.<\/li><\/ul><p><strong>S\u00e9curit\u00e9<\/strong><\/p><p>Nous prenons des pr\u00e9cautions pour prot\u00e9ger vos renseignements personnels. Lorsque vous soumettez des informations confidentielles via le site Internet, ces informations sont prot\u00e9g\u00e9es \u00e0 la fois en ligne et hors ligne.<\/p><p>Partout o\u00f9 nous collectons des informations confidentielles (telles que les donn\u00e9es de carte de cr\u00e9dit), le mode s\u00e9curis\u00e9 est activ\u00e9 et toutes les informations qui nous sont transmises sont encrypt\u00e9es afin de prot\u00e9ger leur int\u00e9grit\u00e9 et leur confidentialit\u00e9. Pour vous en assurer, recherchez le petit cadenas verrouill\u00e9 apparaissant en bas de la fen\u00eatre du navigateur ou assurez-vous que l\u2019adresse URL commence par \u00ab https:\/\/ \u00bb.<\/p><p>Bien que nous utilisions le cryptage pour prot\u00e9ger les renseignements personnels transmis en ligne, nous prot\u00e9geons \u00e9galement vos renseignements perssonels hors ligne. Seuls les employ\u00e9s qui ont besoin des informations pour effectuer un travail sp\u00e9cifique (par exemple, la facturation ou le service client) ont acc\u00e8s \u00e0 vos renseignements personnels. Les ordinateurs \/ serveurs dans lesquels nous stockons des renseignements personnels sont conserv\u00e9s dans un environnement s\u00e9curis\u00e9.<\/p><p><strong>Mise \u00e0 jour<\/strong><\/p><p>Notre politique de confidentialit\u00e9 peut changer de temps \u00e0 autre et toutes les mises \u00e0 jour seront publi\u00e9es sur cette page.<\/p><p>Si vous pensez que nous ne respectons pas cette politique de confidentialit\u00e9, vous devez nous contacter imm\u00e9diatement par t\u00e9l\u00e9phone ou par courriel.<\/p><div>\u00a0<\/div><div>\u00a0<\/div>\t\t\t\t\t\t\t\t<\/div>\n\t\t\t\t<\/div>\n\t\t\t\t\t<\/div>\n\t\t<\/div>\n\t\t\t\t\t<\/div>\n\t\t<\/section>\n\t\t\t\t<\/div>","protected":false},"excerpt":{"rendered":"<p>privacy policy This privacy policy discloses the privacy practices for Horizon Manufacturing Inc. This privacy policy applies solely to information collected by this web site. It will notify you of the following: What personally identifiable information is collected from you through the web site, how it is used and with whom it may be shared. [&hellip;]<\/p>","protected":false},"author":1,"featured_media":0,"parent":0,"menu_order":0,"comment_status":"closed","ping_status":"closed","template":"elementor_header_footer","meta":{"om_disable_all_campaigns":false,"_monsterinsights_skip_tracking":false,"_monsterinsights_sitenote_active":false,"_monsterinsights_sitenote_note":"","_monsterinsights_sitenote_category":0,"site-sidebar-layout":"no-sidebar","site-content-layout":"page-builder","ast-site-content-layout":"","site-content-style":"default","site-sidebar-style":"default","ast-global-header-display":"","ast-banner-title-visibility":"","ast-main-header-display":"","ast-hfb-above-header-display":"","ast-hfb-below-header-display":"","ast-hfb-mobile-header-display":"","site-post-title":"disabled","ast-breadcrumbs-content":"","ast-featured-img":"disabled","footer-sml-layout":"","theme-transparent-header-meta":"default","adv-header-id-meta":"","stick-header-meta":"","header-above-stick-meta":"","header-main-stick-meta":"","header-below-stick-meta":"","astra-migrate-meta-layouts":"default","ast-page-background-enabled":"default","ast-page-background-meta":{"desktop":{"background-color":"var(--ast-global-color-4)","background-image":"","background-repeat":"repeat","background-position":"center center","background-size":"auto","background-attachment":"scroll","background-type":"","background-media":"","overlay-type":"","overlay-color":"","overlay-opacity":"","overlay-gradient":""},"tablet":{"background-color":"","background-image":"","background-repeat":"repeat","background-position":"center center","background-size":"auto","background-attachment":"scroll","background-type":"","background-media":"","overlay-type":"","overlay-color":"","overlay-opacity":"","overlay-gradient":""},"mobile":{"background-color":"","background-image":"","background-repeat":"repeat","background-position":"center center","background-size":"auto","background-attachment":"scroll","background-type":"","background-media":"","overlay-type":"","overlay-color":"","overlay-opacity":"","overlay-gradient":""}},"ast-content-background-meta":{"desktop":{"background-color":"var(--ast-global-color-5)","background-image":"","background-repeat":"repeat","background-position":"center center","background-size":"auto","background-attachment":"scroll","background-type":"","background-media":"","overlay-type":"","overlay-color":"","overlay-opacity":"","overlay-gradient":""},"tablet":{"background-color":"var(--ast-global-color-5)","background-image":"","background-repeat":"repeat","background-position":"center center","background-size":"auto","background-attachment":"scroll","background-type":"","background-media":"","overlay-type":"","overlay-color":"","overlay-opacity":"","overlay-gradient":""},"mobile":{"background-color":"var(--ast-global-color-5)","background-image":"","background-repeat":"repeat","background-position":"center center","background-size":"auto","background-attachment":"scroll","background-type":"","background-media":"","overlay-type":"","overlay-color":"","overlay-opacity":"","overlay-gradient":""}},"footnotes":""},"class_list":["post-882","page","type-page","status-publish","hentry"],"aioseo_notices":[],"_links":{"self":[{"href":"https:\/\/horizonpetfood.com\/fr\/wp-json\/wp\/v2\/pages\/882","targetHints":{"allow":["GET"]}}],"collection":[{"href":"https:\/\/horizonpetfood.com\/fr\/wp-json\/wp\/v2\/pages"}],"about":[{"href":"https:\/\/horizonpetfood.com\/fr\/wp-json\/wp\/v2\/types\/page"}],"author":[{"embeddable":true,"href":"https:\/\/horizonpetfood.com\/fr\/wp-json\/wp\/v2\/users\/1"}],"replies":[{"embeddable":true,"href":"https:\/\/horizonpetfood.com\/fr\/wp-json\/wp\/v2\/comments?post=882"}],"version-history":[{"count":13,"href":"https:\/\/horizonpetfood.com\/fr\/wp-json\/wp\/v2\/pages\/882\/revisions"}],"predecessor-version":[{"id":2076,"href":"https:\/\/horizonpetfood.com\/fr\/wp-json\/wp\/v2\/pages\/882\/revisions\/2076"}],"wp:attachment":[{"href":"https:\/\/horizonpetfood.com\/fr\/wp-json\/wp\/v2\/media?parent=882"}],"curies":[{"name":"wp","href":"https:\/\/api.w.org\/{rel}","templated":true}]}}