{"id":827,"date":"2020-04-08T21:26:21","date_gmt":"2020-04-08T21:26:21","guid":{"rendered":"http:\/\/horizonworkingsite.com\/?page_id=827"},"modified":"2020-04-27T09:00:11","modified_gmt":"2020-04-27T09:00:11","slug":"terms-of-use","status":"publish","type":"page","link":"https:\/\/horizonpetfood.com\/fr\/terms-of-use\/","title":{"rendered":"Terms of Use"},"content":{"rendered":"<div data-elementor-type=\"wp-page\" data-elementor-id=\"827\" class=\"elementor elementor-827\">\n\t\t\t\t\t\t<section class=\"elementor-section elementor-top-section elementor-element elementor-element-853c4c8 elementor-section-stretched elementor-section-full_width elementor-section-height-default elementor-section-height-default\" data-id=\"853c4c8\" data-element_type=\"section\" data-settings=\"{&quot;stretch_section&quot;:&quot;section-stretched&quot;,&quot;background_background&quot;:&quot;classic&quot;}\">\n\t\t\t\t\t\t<div class=\"elementor-container elementor-column-gap-default\">\n\t\t\t\t\t<div class=\"elementor-column elementor-col-100 elementor-top-column elementor-element elementor-element-b0fa918\" data-id=\"b0fa918\" data-element_type=\"column\">\n\t\t\t<div class=\"elementor-widget-wrap elementor-element-populated\">\n\t\t\t\t\t\t<div class=\"elementor-element elementor-element-511dee8 elementor-widget elementor-widget-heading\" data-id=\"511dee8\" data-element_type=\"widget\" data-widget_type=\"heading.default\">\n\t\t\t\t<div class=\"elementor-widget-container\">\n\t\t\t\t\t<h3 class=\"elementor-heading-title elementor-size-default\">Conditions d'utilisation<\/h3>\t\t\t\t<\/div>\n\t\t\t\t<\/div>\n\t\t\t\t\t<\/div>\n\t\t<\/div>\n\t\t\t\t\t<\/div>\n\t\t<\/section>\n\t\t\t\t<section class=\"elementor-section elementor-top-section elementor-element elementor-element-03f47dd elementor-section-stretched elementor-section-full_width elementor-section-height-default elementor-section-height-default\" data-id=\"03f47dd\" data-element_type=\"section\" data-settings=\"{&quot;stretch_section&quot;:&quot;section-stretched&quot;,&quot;background_background&quot;:&quot;classic&quot;}\">\n\t\t\t\t\t\t<div class=\"elementor-container elementor-column-gap-default\">\n\t\t\t\t\t<div class=\"elementor-column elementor-col-100 elementor-top-column elementor-element elementor-element-386fb24\" data-id=\"386fb24\" data-element_type=\"column\">\n\t\t\t<div class=\"elementor-widget-wrap elementor-element-populated\">\n\t\t\t\t\t\t<div class=\"elementor-element elementor-element-433d20a elementor-widget elementor-widget-heading\" data-id=\"433d20a\" data-element_type=\"widget\" data-widget_type=\"heading.default\">\n\t\t\t\t<div class=\"elementor-widget-container\">\n\t\t\t\t\t<h5 class=\"elementor-heading-title elementor-size-default\">Conditions d'utilisation du site Internet<\/h5>\t\t\t\t<\/div>\n\t\t\t\t<\/div>\n\t\t\t\t\t<\/div>\n\t\t<\/div>\n\t\t\t\t\t<\/div>\n\t\t<\/section>\n\t\t\t\t<section class=\"elementor-section elementor-top-section elementor-element elementor-element-609bc42 elementor-section-stretched elementor-section-full_width elementor-section-height-default elementor-section-height-default\" data-id=\"609bc42\" data-element_type=\"section\" data-settings=\"{&quot;stretch_section&quot;:&quot;section-stretched&quot;,&quot;background_background&quot;:&quot;classic&quot;}\">\n\t\t\t\t\t\t<div class=\"elementor-container elementor-column-gap-default\">\n\t\t\t\t\t<div class=\"elementor-column elementor-col-100 elementor-top-column elementor-element elementor-element-4cfaf21\" data-id=\"4cfaf21\" data-element_type=\"column\">\n\t\t\t<div class=\"elementor-widget-wrap elementor-element-populated\">\n\t\t\t\t\t\t<div class=\"elementor-element elementor-element-018c970 elementor-widget elementor-widget-text-editor\" data-id=\"018c970\" data-element_type=\"widget\" data-widget_type=\"text-editor.default\">\n\t\t\t\t<div class=\"elementor-widget-container\">\n\t\t\t\t\t\t\t\t\t<h4>1.\tConditions<\/h4><p>En acc\u00e9dant \u00e0 ce site Internet, vous acceptez d'\u00eatre li\u00e9 par les pr\u00e9sentes conditions d'utilisation du site Internet et par l\u2019ensemble des lois et r\u00e8glements applicables, et vous acceptez d\u2019\u00eatre responsable de vous conformer \u00e0 l\u2019ensemble des lois locales applicables. Si vous n\u2019acceptez pas l'une de ces conditions, vous n\u2019\u00eates pas autoris\u00e9 \u00e0 acc\u00e9der ou utiliser ce site Internet. Les \u00e9l\u00e9ments contenus sur ce site Internet sont prot\u00e9g\u00e9s par la loi sur le droit d'auteur et les marques de commerce applicables.<\/p><h4>2.\tLicence d\u2019utilisation<\/h4><p>La permission est accord\u00e9e de t\u00e9l\u00e9charger temporairement une copie des documents (information ou logiciel) sur le site Internet d\u2019Horizon \u00e0 des fins de visionnement transitoire personnel uniquement et non commercial. Il s'agit de l'octroi d'une licence, et non d'un transfert de titre, et en vertu de cette licence, vous ne pouvez pas:<\/p><ul><li style=\"list-style-type: none;\"><ul type=\"i\"><li>modifier ou copier le mat\u00e9riel;<\/li><li>utiliser le mat\u00e9riel \u00e0 des fins commerciales ou pour toute pr\u00e9sentation publique (commerciale ou non commerciale);<\/li><li>tenter de d\u00e9compiler ou de proc\u00e9der \u00e0 de la r\u00e9troing\u00e9nierie sur tout logiciel contenu sur le site Internet d'Horizon;<\/li><li>retirer tout droit d\u2019auteur ou autres mentions d\u2019exclusivit\u00e9 du mat\u00e9riel; ou<\/li><li>transf\u00e9rer le mat\u00e9riel \u00e0 d\u2019autres personnes ou dupliquer le mat\u00e9riel sur tout autre serveur.<\/li><\/ul><\/li><\/ul><p>Cette licence sera automatiquement r\u00e9sili\u00e9e si vous contrevenez \u00e0 l'une de ces restrictions et peut \u00eatre r\u00e9sili\u00e9e par Horizon \u00e0 tout moment. Lors de la r\u00e9siliation de votre droit de consulter ce mat\u00e9riel ou lors de la r\u00e9siliation de cette licence, vous devez d\u00e9truire tous documents t\u00e9l\u00e9charg\u00e9s en votre possession, qu'ils soient en format \u00e9lectronique ou imprim\u00e9.<\/p><h4>3.\tAvis de non-responsabilit\u00e9<\/h4><p>Les documents sur le site Internet d'Horizon sont fournis \u00abtels quels\u00bb. Horizon n'offre aucune garantie, explicite ou implicite, et rejette et annule par la pr\u00e9sente toutes les autres garanties, y compris, mais sans s\u2019y limiter, les garanties ou conditions implicites relatives \u00e0 la qualit\u00e9 marchande, de conformit\u00e9 \u00e0 des besoins particuliers, ou \u00e0 la propri\u00e9t\u00e9 intellectuelle ou toute autre violation des droits.<\/p><h4>4. Restrictions<\/h4><p>En aucun cas Horizon ou ses fournisseurs ne seront tenus responsables de dommages (y compris, mais sans s\u2019y limiter, des dommages d\u00e9coulant de la perte de donn\u00e9es ou de profit, ou d\u2019une interruption des activit\u00e9s commerciales) r\u00e9sultant de l'utilisation ou de l'incapacit\u00e9 d'utiliser les documents sur le site Internet d'Horizon, m\u00eame si Horizon ou un repr\u00e9sentant autoris\u00e9 d'Horizon a \u00e9t\u00e9 inform\u00e9 verbalement ou par \u00e9crit de la possibilit\u00e9 de tels dommages. \u00c9tant donn\u00e9 que certaines juridictions ne permettent pas les restrictions sur les garanties implicites ou les restrictions sur les dommages cons\u00e9cutifs ou accessoires, ces restrictions peuvent ne pas s'appliquer \u00e0 vous.<\/p><h4>5.\tR\u00e9visions et errata<\/h4><p>Les documents figurant sur le site Internet d'Horizon peuvent contenir des erreurs techniques, typographiques ou photographiques. Horizon ne garantit pas que tous les \u00e9l\u00e9ments de son site Internet sont exacts, complets ou \u00e0 jour. Horizon peut apporter des modifications aux documents contenus sur son site Internet \u00e0 tout moment et sans pr\u00e9avis. Toutefois, Horizon ne s'engage pas \u00e0 mettre \u00e0 jour les documents.<\/p><h4>6. Liens<\/h4><p>Horizon n'a pas examin\u00e9 tous les autres sites li\u00e9s \u00e0 son site Internet et n'est pas responsable du contenu de ces sites li\u00e9s. L'inclusion de tout lien ne constitue pas un endossement par Horizon du site en question. L'utilisation d'un tel site Internet li\u00e9 est faite aux propres risques de l'utilisateur.<\/p><h4>7.\tModifications des conditions d'utilisation du site Internet<\/h4><p>Horizon peut r\u00e9viser les conditions d'utilisation de son site Internet \u00e0 tout moment et sans pr\u00e9avis. En utilisant ce site Internet, vous acceptez d'\u00eatre li\u00e9 par la version alors en vigueur de ces conditions d'utilisation.<\/p><h4>8. Loi applicable<\/h4><p>Toute r\u00e9clamation concernant le site Web d\u2019Horizon sera r\u00e9gie par les lois de la province de la Saskatchewan, sans \u00e9gard \u00e0 ses dispositions en mati\u00e8re de conflit de lois.<\/p><p>\u00a0<\/p><p>\u00a0<\/p>\t\t\t\t\t\t\t\t<\/div>\n\t\t\t\t<\/div>\n\t\t\t\t\t<\/div>\n\t\t<\/div>\n\t\t\t\t\t<\/div>\n\t\t<\/section>\n\t\t\t\t<\/div>","protected":false},"excerpt":{"rendered":"<p>Terms of use Web Site terms and conditions of use 1. Terms By accessing this web site, you are agreeing to be bound by these web site Terms and Conditions of Use, all applicable laws and regulations, and agree that you are responsible for compliance with any applicable local laws. If you do not agree [&hellip;]<\/p>","protected":false},"author":1,"featured_media":0,"parent":0,"menu_order":0,"comment_status":"closed","ping_status":"closed","template":"","meta":{"om_disable_all_campaigns":false,"_monsterinsights_skip_tracking":false,"_monsterinsights_sitenote_active":false,"_monsterinsights_sitenote_note":"","_monsterinsights_sitenote_category":0,"site-sidebar-layout":"no-sidebar","site-content-layout":"boxed-container","ast-site-content-layout":"","site-content-style":"default","site-sidebar-style":"default","ast-global-header-display":"","ast-banner-title-visibility":"","ast-main-header-display":"","ast-hfb-above-header-display":"","ast-hfb-below-header-display":"","ast-hfb-mobile-header-display":"","site-post-title":"disabled","ast-breadcrumbs-content":"","ast-featured-img":"disabled","footer-sml-layout":"","theme-transparent-header-meta":"default","adv-header-id-meta":"","stick-header-meta":"","header-above-stick-meta":"","header-main-stick-meta":"","header-below-stick-meta":"","astra-migrate-meta-layouts":"default","ast-page-background-enabled":"default","ast-page-background-meta":{"desktop":{"background-color":"var(--ast-global-color-4)","background-image":"","background-repeat":"repeat","background-position":"center center","background-size":"auto","background-attachment":"scroll","background-type":"","background-media":"","overlay-type":"","overlay-color":"","overlay-opacity":"","overlay-gradient":""},"tablet":{"background-color":"","background-image":"","background-repeat":"repeat","background-position":"center center","background-size":"auto","background-attachment":"scroll","background-type":"","background-media":"","overlay-type":"","overlay-color":"","overlay-opacity":"","overlay-gradient":""},"mobile":{"background-color":"","background-image":"","background-repeat":"repeat","background-position":"center center","background-size":"auto","background-attachment":"scroll","background-type":"","background-media":"","overlay-type":"","overlay-color":"","overlay-opacity":"","overlay-gradient":""}},"ast-content-background-meta":{"desktop":{"background-color":"var(--ast-global-color-5)","background-image":"","background-repeat":"repeat","background-position":"center center","background-size":"auto","background-attachment":"scroll","background-type":"","background-media":"","overlay-type":"","overlay-color":"","overlay-opacity":"","overlay-gradient":""},"tablet":{"background-color":"var(--ast-global-color-5)","background-image":"","background-repeat":"repeat","background-position":"center center","background-size":"auto","background-attachment":"scroll","background-type":"","background-media":"","overlay-type":"","overlay-color":"","overlay-opacity":"","overlay-gradient":""},"mobile":{"background-color":"var(--ast-global-color-5)","background-image":"","background-repeat":"repeat","background-position":"center center","background-size":"auto","background-attachment":"scroll","background-type":"","background-media":"","overlay-type":"","overlay-color":"","overlay-opacity":"","overlay-gradient":""}},"footnotes":""},"class_list":["post-827","page","type-page","status-publish","hentry"],"aioseo_notices":[],"_links":{"self":[{"href":"https:\/\/horizonpetfood.com\/fr\/wp-json\/wp\/v2\/pages\/827","targetHints":{"allow":["GET"]}}],"collection":[{"href":"https:\/\/horizonpetfood.com\/fr\/wp-json\/wp\/v2\/pages"}],"about":[{"href":"https:\/\/horizonpetfood.com\/fr\/wp-json\/wp\/v2\/types\/page"}],"author":[{"embeddable":true,"href":"https:\/\/horizonpetfood.com\/fr\/wp-json\/wp\/v2\/users\/1"}],"replies":[{"embeddable":true,"href":"https:\/\/horizonpetfood.com\/fr\/wp-json\/wp\/v2\/comments?post=827"}],"version-history":[{"count":18,"href":"https:\/\/horizonpetfood.com\/fr\/wp-json\/wp\/v2\/pages\/827\/revisions"}],"predecessor-version":[{"id":2081,"href":"https:\/\/horizonpetfood.com\/fr\/wp-json\/wp\/v2\/pages\/827\/revisions\/2081"}],"wp:attachment":[{"href":"https:\/\/horizonpetfood.com\/fr\/wp-json\/wp\/v2\/media?parent=827"}],"curies":[{"name":"wp","href":"https:\/\/api.w.org\/{rel}","templated":true}]}}